{"id":90,"date":"2021-12-14T05:55:30","date_gmt":"2021-12-14T05:55:30","guid":{"rendered":"http:\/\/erkder.org\/?page_id=90"},"modified":"2021-12-18T14:48:03","modified_gmt":"2021-12-18T14:48:03","slug":"2018-ogrenci-bulusmalari","status":"publish","type":"page","link":"https:\/\/erkder.org\/?page_id=90","title":{"rendered":"2018 \u00d6\u011frenci Bulu\u015fmas\u0131"},"content":{"rendered":"<p>    Kurulu\u015fundan bu yana bir \u00e7ok organizasyon ve faaliyetleriyle, \u0130stanbul&#8217;daki hem\u015fehrilerinin yan\u0131nda olan Erdemli K\u00fclt\u00fcr D\u00fc\u015f\u00fcnce ve Geli\u015fim Derne\u011fi ERKDER, geleneksel hale getirdi\u011fi \u201c\u00d6\u011frenci Bulu\u015fmalar\u0131\u201d etkinli\u011fininin bir yenisini 02 Aral\u0131k Pazar g\u00fcn\u00fc, \u0130stanbul\u2019da okuyan Erdemlili \u00fcniversite \u00f6\u011frencilerinin co\u015fkulu kat\u0131l\u0131m\u0131 ile ger\u00e7ekle\u015ftirdi.<br \/>\n\u0130stanbul\u2019un g\u00fczel ve nezih bir mekan\u0131 \u00c7ad\u0131r K\u00f6\u015fk\u2019te yap\u0131lan kahvalt\u0131 bulu\u015fmas\u0131na farkl\u0131 \u00fcniversite ve b\u00f6l\u00fcmlerden yakla\u015f\u0131k y\u00fcz \u00f6\u011frenci kat\u0131ld\u0131. \u00d6\u011frencilerin yan\u0131 s\u0131ra kendileri de Erdemli\u2019li olan;  Av. Muhammed Talha Kor, Liv Hastaneler grubundan radyoloji uzman\u0131 Prof.Dr Adem U\u00e7ar, Y\u0131ld\u0131z Teknik \u00dcniversitesi \u0130n\u015faat Fak\u00fcltesi Dekan Yard\u0131mc\u0131s\u0131 Do\u00e7. Dr. Do\u011fan Karada\u011f, \u00c7ay\u0131rova Belediye Ba\u015fkan Yrd. Refik Tartar, Ahisiad Genel Ba\u015fkan Vekili Halil H\u0131z, Medipol Hastaneler grubundan Yrd.Do\u00e7.Dr \u00d6mer A\u015fk\u0131ner ve ERKDER y\u00f6neticileri kat\u0131ld\u0131lar.<br \/>\nS\u0131cak bir muhabbet ortam\u0131nda yap\u0131lan kahvalt\u0131 sonras\u0131nda \u0130stanbul\u2019a yeni gelen \u00f6\u011frencilerle tan\u0131\u015f\u0131ld\u0131 ve \u00f6\u011frenciler tek tek s\u00f6z hakk\u0131 alarak d\u00fc\u015f\u00fcncelerini payla\u015ft\u0131lar. Siyaset\u00e7i, akademisyen i\u015fadam\u0131 ve y\u00f6netici kimli\u011fiyle kahvalt\u0131ya kat\u0131lan kat\u0131l\u0131mc\u0131larda \u00f6\u011frencilik \u00fczerine d\u00fc\u015f\u00fcncelerini payla\u015farak \u00f6\u011frencilere tavsiye niteli\u011finde \u00f6\u011f\u00fctler verdiler.<br \/>\nERKDER ba\u015fkan\u0131 Ali T\u00fczel\u2019de &#8220;ERKDER olarak tek amac\u0131m\u0131z var, o da faydal\u0131 olmakt\u0131r. Memleketimize, memleketlimize, \u00f6\u011frencilerimize faydal\u0131 olabildi\u011fimiz \u00f6l\u00e7\u00fcde kendimizi mutlu hissederiz. Memleketli bilincinin olu\u015fmas\u0131nda bu t\u00fcr etkinliklerin \u00e7ok \u00f6nemli oldu\u011funu d\u00fc\u015f\u00fcn\u00fcyorum. Hemen her bir gencimizde memleket bilinci olu\u015ftu\u011funda, memleketine olan aidiyet duygusu da artacak ve memleketine daha fazla hizmet etmek i\u00e7in elinden gelen gayreti g\u00f6sterecektir.<br \/>\nBu \u00e7er\u00e7evede ERKDER olarak \u00f6\u011frenci arkada\u015flar\u0131m\u0131za elimizden gelen deste\u011fi verece\u011fiz. Yapaca\u011f\u0131m\u0131z i\u00e7erikli ve konulu etkinliklerle sizlerle birlikte olaca\u011f\u0131z. Tek iste\u011fimiz, arkada\u015flar\u0131m\u0131z bizi yapt\u0131\u011f\u0131m\u0131z etkinliklerde yaln\u0131z b\u0131rakmas\u0131nlar, bizlerle irtibat\u0131 kesmesinler.\u201d dedi.<br \/>\nAyr\u0131ca ERKDER ba\u015fkan\u0131 Ali T\u00fczel kat\u0131l\u0131mc\u0131lara ve \u00f6\u011frencilere kat\u0131l\u0131mlar\u0131 dolay\u0131s\u0131 ile te\u015fekk\u00fcr etti. Hep birlikte \u00e7ekilen aile foto\u011fraf\u0131 sonras\u0131nda kahvalt\u0131 bulu\u015fmas\u0131 sona erdi.<br \/>\nProgram sonras\u0131 \u00f6\u011frenciler de, ERKDER y\u00f6neticilerine bu gibi etkinliklerin daha s\u0131kl\u0131kla yap\u0131lmas\u0131n\u0131n \u00f6nemli oldu\u011funu, yap\u0131ld\u0131\u011f\u0131 takdirde de kat\u0131l\u0131m g\u00f6stereceklerini ifade ettiler. Ayr\u0131ca ERKDER y\u00f6neticilerine te\u015fekk\u00fcr ettiler.<br \/>\n<div id='gallery-1' class='gallery galleryid-90 gallery-columns-4 gallery-size-colormag-featured-image'><figure class='gallery-item'>\n\t\t\t<div class='gallery-icon landscape'>\n\t\t\t\t<a href='https:\/\/erkder.org\/wp-content\/uploads\/2021\/12\/20181202_111812-scaled.jpg'><img width=\"800\" height=\"445\" src=\"https:\/\/erkder.org\/wp-content\/uploads\/2021\/12\/20181202_111812-800x445.jpg\" class=\"attachment-colormag-featured-image size-colormag-featured-image\" alt=\"\" loading=\"lazy\" \/><\/a>\n\t\t\t<\/div><\/figure><figure class='gallery-item'>\n\t\t\t<div class='gallery-icon landscape'>\n\t\t\t\t<a href='https:\/\/erkder.org\/wp-content\/uploads\/2021\/12\/20181202_140807-scaled.jpg'><img width=\"800\" height=\"445\" src=\"https:\/\/erkder.org\/wp-content\/uploads\/2021\/12\/20181202_140807-800x445.jpg\" class=\"attachment-colormag-featured-image size-colormag-featured-image\" alt=\"\" loading=\"lazy\" \/><\/a>\n\t\t\t<\/div><\/figure><figure class='gallery-item'>\n\t\t\t<div class='gallery-icon landscape'>\n\t\t\t\t<a href='https:\/\/erkder.org\/wp-content\/uploads\/2021\/12\/20181202_123251-scaled.jpg'><img width=\"800\" height=\"445\" src=\"https:\/\/erkder.org\/wp-content\/uploads\/2021\/12\/20181202_123251-800x445.jpg\" class=\"attachment-colormag-featured-image size-colormag-featured-image\" alt=\"\" loading=\"lazy\" \/><\/a>\n\t\t\t<\/div><\/figure><figure class='gallery-item'>\n\t\t\t<div class='gallery-icon landscape'>\n\t\t\t\t<a href='https:\/\/erkder.org\/wp-content\/uploads\/2021\/12\/20181202_122848-scaled.jpg'><img width=\"800\" height=\"445\" src=\"https:\/\/erkder.org\/wp-content\/uploads\/2021\/12\/20181202_122848-800x445.jpg\" class=\"attachment-colormag-featured-image size-colormag-featured-image\" alt=\"\" loading=\"lazy\" \/><\/a>\n\t\t\t<\/div><\/figure><figure class='gallery-item'>\n\t\t\t<div class='gallery-icon landscape'>\n\t\t\t\t<a href='https:\/\/erkder.org\/wp-content\/uploads\/2021\/12\/20181202_120543-scaled.jpg'><img width=\"800\" height=\"445\" src=\"https:\/\/erkder.org\/wp-content\/uploads\/2021\/12\/20181202_120543-800x445.jpg\" class=\"attachment-colormag-featured-image size-colormag-featured-image\" alt=\"\" loading=\"lazy\" \/><\/a>\n\t\t\t<\/div><\/figure><figure class='gallery-item'>\n\t\t\t<div class='gallery-icon landscape'>\n\t\t\t\t<a href='https:\/\/erkder.org\/wp-content\/uploads\/2021\/12\/20181202_120509-scaled.jpg'><img width=\"800\" height=\"445\" src=\"https:\/\/erkder.org\/wp-content\/uploads\/2021\/12\/20181202_120509-800x445.jpg\" class=\"attachment-colormag-featured-image size-colormag-featured-image\" alt=\"\" loading=\"lazy\" \/><\/a>\n\t\t\t<\/div><\/figure><figure class='gallery-item'>\n\t\t\t<div class='gallery-icon landscape'>\n\t\t\t\t<a href='https:\/\/erkder.org\/wp-content\/uploads\/2021\/12\/20181202_120221-scaled.jpg'><img width=\"800\" height=\"445\" src=\"https:\/\/erkder.org\/wp-content\/uploads\/2021\/12\/20181202_120221-800x445.jpg\" class=\"attachment-colormag-featured-image size-colormag-featured-image\" alt=\"\" loading=\"lazy\" \/><\/a>\n\t\t\t<\/div><\/figure><figure class='gallery-item'>\n\t\t\t<div class='gallery-icon landscape'>\n\t\t\t\t<a href='https:\/\/erkder.org\/wp-content\/uploads\/2021\/12\/20181202_120148-scaled.jpg'><img width=\"800\" height=\"445\" src=\"https:\/\/erkder.org\/wp-content\/uploads\/2021\/12\/20181202_120148-800x445.jpg\" class=\"attachment-colormag-featured-image size-colormag-featured-image\" alt=\"\" loading=\"lazy\" \/><\/a>\n\t\t\t<\/div><\/figure><figure class='gallery-item'>\n\t\t\t<div class='gallery-icon landscape'>\n\t\t\t\t<a href='https:\/\/erkder.org\/wp-content\/uploads\/2021\/12\/20181202_120136-scaled.jpg'><img width=\"800\" height=\"445\" src=\"https:\/\/erkder.org\/wp-content\/uploads\/2021\/12\/20181202_120136-800x445.jpg\" class=\"attachment-colormag-featured-image size-colormag-featured-image\" alt=\"\" loading=\"lazy\" \/><\/a>\n\t\t\t<\/div><\/figure><figure class='gallery-item'>\n\t\t\t<div class='gallery-icon landscape'>\n\t\t\t\t<a href='https:\/\/erkder.org\/wp-content\/uploads\/2021\/12\/20181202_115150-scaled.jpg'><img width=\"800\" height=\"445\" src=\"https:\/\/erkder.org\/wp-content\/uploads\/2021\/12\/20181202_115150-800x445.jpg\" class=\"attachment-colormag-featured-image size-colormag-featured-image\" alt=\"\" loading=\"lazy\" \/><\/a>\n\t\t\t<\/div><\/figure><figure class='gallery-item'>\n\t\t\t<div class='gallery-icon landscape'>\n\t\t\t\t<a href='https:\/\/erkder.org\/wp-content\/uploads\/2021\/12\/20181202_114735-scaled.jpg'><img width=\"800\" height=\"445\" src=\"https:\/\/erkder.org\/wp-content\/uploads\/2021\/12\/20181202_114735-800x445.jpg\" class=\"attachment-colormag-featured-image size-colormag-featured-image\" alt=\"\" loading=\"lazy\" \/><\/a>\n\t\t\t<\/div><\/figure><figure class='gallery-item'>\n\t\t\t<div class='gallery-icon landscape'>\n\t\t\t\t<a href='https:\/\/erkder.org\/wp-content\/uploads\/2021\/12\/20181202_104633-scaled.jpg'><img width=\"800\" height=\"445\" src=\"https:\/\/erkder.org\/wp-content\/uploads\/2021\/12\/20181202_104633-800x445.jpg\" class=\"attachment-colormag-featured-image size-colormag-featured-image\" alt=\"\" loading=\"lazy\" \/><\/a>\n\t\t\t<\/div><\/figure>\n\t\t<\/div>\n<\/p>\n","protected":false},"excerpt":{"rendered":"<p>Kurulu\u015fundan bu yana bir \u00e7ok organizasyon ve faaliyetleriyle, \u0130stanbul&#8217;daki hem\u015fehrilerinin yan\u0131nda olan Erdemli K\u00fclt\u00fcr D\u00fc\u015f\u00fcnce ve Geli\u015fim Derne\u011fi ERKDER, geleneksel<\/p>\n","protected":false},"author":1,"featured_media":0,"parent":0,"menu_order":0,"comment_status":"closed","ping_status":"closed","template":"","meta":[],"_links":{"self":[{"href":"https:\/\/erkder.org\/index.php?rest_route=\/wp\/v2\/pages\/90"}],"collection":[{"href":"https:\/\/erkder.org\/index.php?rest_route=\/wp\/v2\/pages"}],"about":[{"href":"https:\/\/erkder.org\/index.php?rest_route=\/wp\/v2\/types\/page"}],"author":[{"embeddable":true,"href":"https:\/\/erkder.org\/index.php?rest_route=\/wp\/v2\/users\/1"}],"replies":[{"embeddable":true,"href":"https:\/\/erkder.org\/index.php?rest_route=%2Fwp%2Fv2%2Fcomments&post=90"}],"version-history":[{"count":7,"href":"https:\/\/erkder.org\/index.php?rest_route=\/wp\/v2\/pages\/90\/revisions"}],"predecessor-version":[{"id":602,"href":"https:\/\/erkder.org\/index.php?rest_route=\/wp\/v2\/pages\/90\/revisions\/602"}],"wp:attachment":[{"href":"https:\/\/erkder.org\/index.php?rest_route=%2Fwp%2Fv2%2Fmedia&parent=90"}],"curies":[{"name":"wp","href":"https:\/\/api.w.org\/{rel}","templated":true}]}}