{"id":772,"date":"2026-04-10T05:38:04","date_gmt":"2026-04-10T05:38:04","guid":{"rendered":"https:\/\/erkder.org\/?page_id=772"},"modified":"2026-04-10T05:38:04","modified_gmt":"2026-04-10T05:38:04","slug":"erdemli-belediyesini-istanbulda-agirladik","status":"publish","type":"page","link":"https:\/\/erkder.org\/?page_id=772","title":{"rendered":"Erdemli Belediyesini \u0130stanbul&#8217;da a\u011f\u0131rlad\u0131k"},"content":{"rendered":"<p>ERKDER \u2013 Erdemli K\u00fclt\u00fcr, D\u00fc\u015f\u00fcnce ve Geli\u015fim Derne\u011fi olarak EM\u0130TT Fuar\u0131 kapsam\u0131nda \u0130stanbul\u2019da bulunan Erdemli Belediye Ba\u015fkan\u0131m\u0131z\u0131 ve k\u0131ymetli ekibini a\u011f\u0131rlamaktan b\u00fcy\u00fck mutluluk duyduk. &#x1f91d;Davetimize icabet eden Ba\u015fkan\u0131m\u0131za ve de\u011ferli ekibine te\u015fekk\u00fcr ederiz. &#x1f33f;<div id='gallery-1' class='gallery galleryid-772 gallery-columns-4 gallery-size-colormag-featured-image'><figure class='gallery-item'>\n\t\t\t<div class='gallery-icon landscape'>\n\t\t\t\t<a href='https:\/\/erkder.org\/wp-content\/uploads\/2026\/04\/WhatsApp-Image-2026-04-10-at-08.28.34-6.jpeg'><img width=\"800\" height=\"445\" src=\"https:\/\/erkder.org\/wp-content\/uploads\/2026\/04\/WhatsApp-Image-2026-04-10-at-08.28.34-6-800x445.jpeg\" class=\"attachment-colormag-featured-image size-colormag-featured-image\" alt=\"\" loading=\"lazy\" \/><\/a>\n\t\t\t<\/div><\/figure><figure class='gallery-item'>\n\t\t\t<div class='gallery-icon landscape'>\n\t\t\t\t<a href='https:\/\/erkder.org\/wp-content\/uploads\/2026\/04\/WhatsApp-Image-2026-04-10-at-08.28.34.jpeg'><img width=\"800\" height=\"445\" src=\"https:\/\/erkder.org\/wp-content\/uploads\/2026\/04\/WhatsApp-Image-2026-04-10-at-08.28.34-800x445.jpeg\" class=\"attachment-colormag-featured-image size-colormag-featured-image\" alt=\"\" loading=\"lazy\" \/><\/a>\n\t\t\t<\/div><\/figure><figure class='gallery-item'>\n\t\t\t<div class='gallery-icon landscape'>\n\t\t\t\t<a href='https:\/\/erkder.org\/wp-content\/uploads\/2026\/04\/WhatsApp-Image-2026-04-10-at-08.28.34-8.jpeg'><img width=\"800\" height=\"445\" src=\"https:\/\/erkder.org\/wp-content\/uploads\/2026\/04\/WhatsApp-Image-2026-04-10-at-08.28.34-8-800x445.jpeg\" class=\"attachment-colormag-featured-image size-colormag-featured-image\" alt=\"\" loading=\"lazy\" \/><\/a>\n\t\t\t<\/div><\/figure><figure class='gallery-item'>\n\t\t\t<div class='gallery-icon landscape'>\n\t\t\t\t<a href='https:\/\/erkder.org\/wp-content\/uploads\/2026\/04\/WhatsApp-Image-2026-04-10-at-08.28.35.jpeg'><img width=\"800\" height=\"445\" src=\"https:\/\/erkder.org\/wp-content\/uploads\/2026\/04\/WhatsApp-Image-2026-04-10-at-08.28.35-800x445.jpeg\" class=\"attachment-colormag-featured-image size-colormag-featured-image\" alt=\"\" loading=\"lazy\" \/><\/a>\n\t\t\t<\/div><\/figure><figure class='gallery-item'>\n\t\t\t<div class='gallery-icon landscape'>\n\t\t\t\t<a href='https:\/\/erkder.org\/wp-content\/uploads\/2026\/04\/WhatsApp-Image-2026-04-10-at-08.28.34-5.jpeg'><img width=\"800\" height=\"445\" src=\"https:\/\/erkder.org\/wp-content\/uploads\/2026\/04\/WhatsApp-Image-2026-04-10-at-08.28.34-5-800x445.jpeg\" class=\"attachment-colormag-featured-image size-colormag-featured-image\" alt=\"\" loading=\"lazy\" \/><\/a>\n\t\t\t<\/div><\/figure><figure class='gallery-item'>\n\t\t\t<div class='gallery-icon landscape'>\n\t\t\t\t<a href='https:\/\/erkder.org\/wp-content\/uploads\/2026\/04\/WhatsApp-Image-2026-04-10-at-08.28.34-3.jpeg'><img width=\"800\" height=\"445\" src=\"https:\/\/erkder.org\/wp-content\/uploads\/2026\/04\/WhatsApp-Image-2026-04-10-at-08.28.34-3-800x445.jpeg\" class=\"attachment-colormag-featured-image size-colormag-featured-image\" alt=\"\" loading=\"lazy\" \/><\/a>\n\t\t\t<\/div><\/figure><figure class='gallery-item'>\n\t\t\t<div class='gallery-icon landscape'>\n\t\t\t\t<a href='https:\/\/erkder.org\/wp-content\/uploads\/2026\/04\/WhatsApp-Image-2026-04-10-at-08.28.34-4.jpeg'><img width=\"800\" height=\"445\" src=\"https:\/\/erkder.org\/wp-content\/uploads\/2026\/04\/WhatsApp-Image-2026-04-10-at-08.28.34-4-800x445.jpeg\" class=\"attachment-colormag-featured-image size-colormag-featured-image\" alt=\"\" loading=\"lazy\" \/><\/a>\n\t\t\t<\/div><\/figure><figure class='gallery-item'>\n\t\t\t<div class='gallery-icon landscape'>\n\t\t\t\t<a href='https:\/\/erkder.org\/wp-content\/uploads\/2026\/04\/WhatsApp-Image-2026-04-10-at-08.28.34-7.jpeg'><img width=\"800\" height=\"445\" src=\"https:\/\/erkder.org\/wp-content\/uploads\/2026\/04\/WhatsApp-Image-2026-04-10-at-08.28.34-7-800x445.jpeg\" class=\"attachment-colormag-featured-image size-colormag-featured-image\" alt=\"\" loading=\"lazy\" \/><\/a>\n\t\t\t<\/div><\/figure>\n\t\t<\/div>\n<\/p>\n","protected":false},"excerpt":{"rendered":"<p>ERKDER \u2013 Erdemli K\u00fclt\u00fcr, D\u00fc\u015f\u00fcnce ve Geli\u015fim Derne\u011fi olarak EM\u0130TT Fuar\u0131 kapsam\u0131nda \u0130stanbul\u2019da bulunan Erdemli Belediye Ba\u015fkan\u0131m\u0131z\u0131 ve k\u0131ymetli ekibini<\/p>\n","protected":false},"author":1,"featured_media":0,"parent":0,"menu_order":0,"comment_status":"closed","ping_status":"closed","template":"","meta":[],"_links":{"self":[{"href":"https:\/\/erkder.org\/index.php?rest_route=\/wp\/v2\/pages\/772"}],"collection":[{"href":"https:\/\/erkder.org\/index.php?rest_route=\/wp\/v2\/pages"}],"about":[{"href":"https:\/\/erkder.org\/index.php?rest_route=\/wp\/v2\/types\/page"}],"author":[{"embeddable":true,"href":"https:\/\/erkder.org\/index.php?rest_route=\/wp\/v2\/users\/1"}],"replies":[{"embeddable":true,"href":"https:\/\/erkder.org\/index.php?rest_route=%2Fwp%2Fv2%2Fcomments&post=772"}],"version-history":[{"count":1,"href":"https:\/\/erkder.org\/index.php?rest_route=\/wp\/v2\/pages\/772\/revisions"}],"predecessor-version":[{"id":782,"href":"https:\/\/erkder.org\/index.php?rest_route=\/wp\/v2\/pages\/772\/revisions\/782"}],"wp:attachment":[{"href":"https:\/\/erkder.org\/index.php?rest_route=%2Fwp%2Fv2%2Fmedia&parent=772"}],"curies":[{"name":"wp","href":"https:\/\/api.w.org\/{rel}","templated":true}]}}