{"id":749,"date":"2026-04-10T04:42:16","date_gmt":"2026-04-10T04:42:16","guid":{"rendered":"https:\/\/erkder.org\/?page_id=749"},"modified":"2026-04-10T05:13:33","modified_gmt":"2026-04-10T05:13:33","slug":"2025-ogrenci-bulusmasi","status":"publish","type":"page","link":"https:\/\/erkder.org\/?page_id=749","title":{"rendered":"2025 \u00d6\u011frenci Bulu\u015fmas\u0131"},"content":{"rendered":"<p> ERKDER Geleneksel \u00f6\u011frenci bulu\u015fmalar\u0131m\u0131z\u0131n bir yenisini, Maltepe M\u00fcft\u00fcm\u00fcz Hasan K\u00fc\u00e7\u00fck hocam\u0131z\u0131n vesilesi ile \u00dcsk\u00fcdar M\u00fcft\u00fcm\u00fcz \u0130brahim Yavuz Hocam\u0131z\u0131n ev sahipli\u011finde ger\u00e7ekle\u015ftirdik. Bu etkinli\u011fe zorlu \u015fartlarda kar k\u0131\u015f demeden  y\u00fcze yak\u0131n \u00f6\u011frenci arkada\u015f\u0131m\u0131z kat\u0131l\u0131m sa\u011flad\u0131.<div id='gallery-1' class='gallery galleryid-749 gallery-columns-4 gallery-size-colormag-featured-image'><figure class='gallery-item'>\n\t\t\t<div class='gallery-icon landscape'>\n\t\t\t\t<a href='https:\/\/erkder.org\/wp-content\/uploads\/2026\/04\/WhatsApp-Image-2026-04-10-at-08.00.34.jpeg'><img width=\"800\" height=\"445\" src=\"https:\/\/erkder.org\/wp-content\/uploads\/2026\/04\/WhatsApp-Image-2026-04-10-at-08.00.34-800x445.jpeg\" class=\"attachment-colormag-featured-image size-colormag-featured-image\" alt=\"\" loading=\"lazy\" \/><\/a>\n\t\t\t<\/div><\/figure><figure class='gallery-item'>\n\t\t\t<div class='gallery-icon landscape'>\n\t\t\t\t<a href='https:\/\/erkder.org\/wp-content\/uploads\/2026\/04\/IMG-20250224-WA0007.jpg'><img width=\"800\" height=\"445\" src=\"https:\/\/erkder.org\/wp-content\/uploads\/2026\/04\/IMG-20250224-WA0007-800x445.jpg\" class=\"attachment-colormag-featured-image size-colormag-featured-image\" alt=\"\" loading=\"lazy\" \/><\/a>\n\t\t\t<\/div><\/figure><figure class='gallery-item'>\n\t\t\t<div class='gallery-icon portrait'>\n\t\t\t\t<a href='https:\/\/erkder.org\/wp-content\/uploads\/2026\/04\/IMG-20250224-WA0001.jpg'><img width=\"800\" height=\"445\" src=\"https:\/\/erkder.org\/wp-content\/uploads\/2026\/04\/IMG-20250224-WA0001-800x445.jpg\" class=\"attachment-colormag-featured-image size-colormag-featured-image\" alt=\"\" loading=\"lazy\" \/><\/a>\n\t\t\t<\/div><\/figure><figure class='gallery-item'>\n\t\t\t<div class='gallery-icon landscape'>\n\t\t\t\t<a href='https:\/\/erkder.org\/wp-content\/uploads\/2026\/04\/20250223_130803-scaled.jpg'><img width=\"800\" height=\"445\" src=\"https:\/\/erkder.org\/wp-content\/uploads\/2026\/04\/20250223_130803-800x445.jpg\" class=\"attachment-colormag-featured-image size-colormag-featured-image\" alt=\"\" loading=\"lazy\" \/><\/a>\n\t\t\t<\/div><\/figure><figure class='gallery-item'>\n\t\t\t<div class='gallery-icon portrait'>\n\t\t\t\t<a href='https:\/\/erkder.org\/wp-content\/uploads\/2026\/04\/20250223_122133-scaled.jpg'><img width=\"800\" height=\"445\" src=\"https:\/\/erkder.org\/wp-content\/uploads\/2026\/04\/20250223_122133-800x445.jpg\" class=\"attachment-colormag-featured-image size-colormag-featured-image\" alt=\"\" loading=\"lazy\" \/><\/a>\n\t\t\t<\/div><\/figure><figure class='gallery-item'>\n\t\t\t<div class='gallery-icon portrait'>\n\t\t\t\t<a href='https:\/\/erkder.org\/wp-content\/uploads\/2026\/04\/20250223_122140-scaled.jpg'><img width=\"800\" height=\"445\" src=\"https:\/\/erkder.org\/wp-content\/uploads\/2026\/04\/20250223_122140-800x445.jpg\" class=\"attachment-colormag-featured-image size-colormag-featured-image\" alt=\"\" loading=\"lazy\" \/><\/a>\n\t\t\t<\/div><\/figure><figure class='gallery-item'>\n\t\t\t<div class='gallery-icon landscape'>\n\t\t\t\t<a href='https:\/\/erkder.org\/wp-content\/uploads\/2026\/04\/20250223_122230-scaled.jpg'><img width=\"800\" height=\"445\" src=\"https:\/\/erkder.org\/wp-content\/uploads\/2026\/04\/20250223_122230-800x445.jpg\" class=\"attachment-colormag-featured-image size-colormag-featured-image\" alt=\"\" loading=\"lazy\" \/><\/a>\n\t\t\t<\/div><\/figure><figure class='gallery-item'>\n\t\t\t<div class='gallery-icon landscape'>\n\t\t\t\t<a href='https:\/\/erkder.org\/wp-content\/uploads\/2026\/04\/20250223_123627-scaled.jpg'><img width=\"800\" height=\"445\" src=\"https:\/\/erkder.org\/wp-content\/uploads\/2026\/04\/20250223_123627-800x445.jpg\" class=\"attachment-colormag-featured-image size-colormag-featured-image\" alt=\"\" loading=\"lazy\" \/><\/a>\n\t\t\t<\/div><\/figure><figure class='gallery-item'>\n\t\t\t<div class='gallery-icon landscape'>\n\t\t\t\t<a href='https:\/\/erkder.org\/wp-content\/uploads\/2026\/04\/20250223_123649-scaled.jpg'><img width=\"800\" height=\"445\" src=\"https:\/\/erkder.org\/wp-content\/uploads\/2026\/04\/20250223_123649-800x445.jpg\" class=\"attachment-colormag-featured-image size-colormag-featured-image\" alt=\"\" loading=\"lazy\" \/><\/a>\n\t\t\t<\/div><\/figure><figure class='gallery-item'>\n\t\t\t<div class='gallery-icon landscape'>\n\t\t\t\t<a href='https:\/\/erkder.org\/wp-content\/uploads\/2026\/04\/20250223_124024-scaled.jpg'><img width=\"800\" height=\"445\" src=\"https:\/\/erkder.org\/wp-content\/uploads\/2026\/04\/20250223_124024-800x445.jpg\" class=\"attachment-colormag-featured-image size-colormag-featured-image\" alt=\"\" loading=\"lazy\" \/><\/a>\n\t\t\t<\/div><\/figure><figure class='gallery-item'>\n\t\t\t<div class='gallery-icon landscape'>\n\t\t\t\t<a href='https:\/\/erkder.org\/wp-content\/uploads\/2026\/04\/20250223_122105-scaled.jpg'><img width=\"800\" height=\"445\" src=\"https:\/\/erkder.org\/wp-content\/uploads\/2026\/04\/20250223_122105-800x445.jpg\" class=\"attachment-colormag-featured-image size-colormag-featured-image\" alt=\"\" loading=\"lazy\" \/><\/a>\n\t\t\t<\/div><\/figure><figure class='gallery-item'>\n\t\t\t<div class='gallery-icon landscape'>\n\t\t\t\t<a href='https:\/\/erkder.org\/wp-content\/uploads\/2026\/04\/20250223_122100-scaled.jpg'><img width=\"800\" height=\"445\" src=\"https:\/\/erkder.org\/wp-content\/uploads\/2026\/04\/20250223_122100-800x445.jpg\" class=\"attachment-colormag-featured-image size-colormag-featured-image\" alt=\"\" loading=\"lazy\" \/><\/a>\n\t\t\t<\/div><\/figure><figure class='gallery-item'>\n\t\t\t<div class='gallery-icon portrait'>\n\t\t\t\t<a href='https:\/\/erkder.org\/wp-content\/uploads\/2026\/04\/IMG-20250224-WA0006.jpg'><img width=\"800\" height=\"445\" src=\"https:\/\/erkder.org\/wp-content\/uploads\/2026\/04\/IMG-20250224-WA0006-800x445.jpg\" class=\"attachment-colormag-featured-image size-colormag-featured-image\" alt=\"\" loading=\"lazy\" \/><\/a>\n\t\t\t<\/div><\/figure><figure class='gallery-item'>\n\t\t\t<div class='gallery-icon landscape'>\n\t\t\t\t<a href='https:\/\/erkder.org\/wp-content\/uploads\/2026\/04\/20250223_120617-scaled.jpg'><img width=\"800\" height=\"445\" src=\"https:\/\/erkder.org\/wp-content\/uploads\/2026\/04\/20250223_120617-800x445.jpg\" class=\"attachment-colormag-featured-image size-colormag-featured-image\" alt=\"\" loading=\"lazy\" \/><\/a>\n\t\t\t<\/div><\/figure><figure class='gallery-item'>\n\t\t\t<div class='gallery-icon landscape'>\n\t\t\t\t<a href='https:\/\/erkder.org\/wp-content\/uploads\/2026\/04\/20250223_114720-scaled.jpg'><img width=\"800\" height=\"445\" src=\"https:\/\/erkder.org\/wp-content\/uploads\/2026\/04\/20250223_114720-800x445.jpg\" class=\"attachment-colormag-featured-image size-colormag-featured-image\" alt=\"\" loading=\"lazy\" \/><\/a>\n\t\t\t<\/div><\/figure><figure class='gallery-item'>\n\t\t\t<div class='gallery-icon landscape'>\n\t\t\t\t<a href='https:\/\/erkder.org\/wp-content\/uploads\/2026\/04\/20250223_103300-scaled.jpg'><img width=\"800\" height=\"445\" src=\"https:\/\/erkder.org\/wp-content\/uploads\/2026\/04\/20250223_103300-800x445.jpg\" class=\"attachment-colormag-featured-image size-colormag-featured-image\" alt=\"\" loading=\"lazy\" \/><\/a>\n\t\t\t<\/div><\/figure>\n\t\t<\/div>\n<\/p>\n","protected":false},"excerpt":{"rendered":"<p>ERKDER Geleneksel \u00f6\u011frenci bulu\u015fmalar\u0131m\u0131z\u0131n bir yenisini, Maltepe M\u00fcft\u00fcm\u00fcz Hasan K\u00fc\u00e7\u00fck hocam\u0131z\u0131n vesilesi ile \u00dcsk\u00fcdar M\u00fcft\u00fcm\u00fcz \u0130brahim Yavuz Hocam\u0131z\u0131n ev sahipli\u011finde<\/p>\n","protected":false},"author":1,"featured_media":0,"parent":0,"menu_order":0,"comment_status":"closed","ping_status":"closed","template":"","meta":[],"_links":{"self":[{"href":"https:\/\/erkder.org\/index.php?rest_route=\/wp\/v2\/pages\/749"}],"collection":[{"href":"https:\/\/erkder.org\/index.php?rest_route=\/wp\/v2\/pages"}],"about":[{"href":"https:\/\/erkder.org\/index.php?rest_route=\/wp\/v2\/types\/page"}],"author":[{"embeddable":true,"href":"https:\/\/erkder.org\/index.php?rest_route=\/wp\/v2\/users\/1"}],"replies":[{"embeddable":true,"href":"https:\/\/erkder.org\/index.php?rest_route=%2Fwp%2Fv2%2Fcomments&post=749"}],"version-history":[{"count":4,"href":"https:\/\/erkder.org\/index.php?rest_route=\/wp\/v2\/pages\/749\/revisions"}],"predecessor-version":[{"id":771,"href":"https:\/\/erkder.org\/index.php?rest_route=\/wp\/v2\/pages\/749\/revisions\/771"}],"wp:attachment":[{"href":"https:\/\/erkder.org\/index.php?rest_route=%2Fwp%2Fv2%2Fmedia&parent=749"}],"curies":[{"name":"wp","href":"https:\/\/api.w.org\/{rel}","templated":true}]}}