{"id":726,"date":"2026-04-10T04:16:08","date_gmt":"2026-04-10T04:16:08","guid":{"rendered":"https:\/\/erkder.org\/?page_id=726"},"modified":"2026-04-10T04:38:04","modified_gmt":"2026-04-10T04:38:04","slug":"2026-ogrenci-bulusmasi","status":"publish","type":"page","link":"https:\/\/erkder.org\/?page_id=726","title":{"rendered":"2026 \u00d6\u011frenci Bulu\u015fmas\u0131"},"content":{"rendered":"<p>Erdemli K\u00fclt\u00fcr D\u00fc\u015f\u00fcnce ve Geli\u015fim Derne\u011fi (ERKDER) olarak, geleneksel \u00f6\u011frenci bulu\u015fmalar\u0131ndan bir yenisini Ramazan ay\u0131 vesilesiyle d\u00fczenlenen iftar program\u0131nda ger\u00e7ekle\u015ftirdik.<br \/>\nPrograma, Ba\u011fc\u0131lar Kaymakam\u0131 Abdullah U\u00e7gun, \u0130stanbul\u2019da ya\u015fayan ve kamu kurumlar\u0131nda y\u00f6neticilik yapan Erdemlili b\u00fcrokratlar, farkl\u0131 \u00fcniversitelerde g\u00f6rev yapan akademisyenler, i\u015f insanlar\u0131 ve \u00f6\u011frencilerden olu\u015fan yakla\u015f\u0131k 150 ki\u015filik bir topluluk kat\u0131ld\u0131.<br \/>\nD\u0131\u015far\u0131daki so\u011fuk havaya ra\u011fmen Ramazan ay\u0131n\u0131n manevi atmosferi ve hem\u015fehri bulu\u015fmas\u0131n\u0131n s\u0131cakl\u0131\u011f\u0131, iftar program\u0131na samimi ve bereketli bir ortam kazand\u0131rd\u0131. Erdemlililer olarak ayn\u0131 sofrada bulu\u015fman\u0131n, ayn\u0131 ekme\u011fi payla\u015fman\u0131n ve ayn\u0131 duaya \u201c\u00c2min\u201d demenin huzurunu birlikte ya\u015fad\u0131k.<br \/>\nBulu\u015fma, kendisi de Erdemlili olan Maltepe M\u00fcft\u00fcs\u00fc Hasan K\u00fc\u00e7\u00fck\u2019\u00fcn ev sahipli\u011finde Maltepe\u2019de ger\u00e7ekle\u015fti.<br \/>\n\u0130ftar program\u0131nda konu\u015fan Ba\u011fc\u0131lar Kaymakam\u0131 Abdullah U\u00e7gun, organizasyonu ger\u00e7ekle\u015ftiren ERKDER y\u00f6netimine te\u015fekk\u00fcr ederek, hem\u015fehrilerin ayn\u0131 s\u0131cak ortamda bir araya gelmesinin ve iftar sofralar\u0131nda bulu\u015fmas\u0131n\u0131n \u00f6nemine dikkat \u00e7ekti. Bu t\u00fcr birlikteliklerde bulunmaktan memnuniyet duydu\u011funu ifade etti.<br \/>\nBa\u015fkan\u0131m\u0131z Ali T\u00fczel  ise yapt\u0131\u011f\u0131 konu\u015fmada \u015fu ifadelere yer verdi:<br \/>\n\u201cKat\u0131l\u0131mlar\u0131yla bizleri onurland\u0131ran Ba\u011fc\u0131lar Kaymakam\u0131m\u0131z Abdullah U\u00e7gun Bey\u2019e, t\u00fcm misafirlerimize ve k\u0131ymetli \u00f6\u011frencilerimize ERKDER Y\u00f6netim Kurulu olarak g\u00f6n\u00fclden te\u015fekk\u00fcr ediyoruz. Ayr\u0131ca bu anlaml\u0131 bulu\u015fmada bizleri a\u011f\u0131rlayan Maltepe M\u00fcft\u00fcm\u00fcz Hasan K\u00fc\u00e7\u00fck hocam\u0131za da \u00f6zellikle te\u015fekk\u00fcr etmek istiyorum. B\u00f6yle g\u00fczel bulu\u015fmalar g\u00f6nl\u00fc geni\u015f insanlar\u0131n sayesinde m\u00fcmk\u00fcn oluyor. Birlik, muhabbet ve payla\u015f\u0131m\u0131n artt\u0131\u011f\u0131 nice g\u00fczel etkinliklerde tekrar bulu\u015fmay\u0131 temenni ediyoruz.\u201d<br \/>\nProgram, iftar\u0131n ard\u0131ndan ger\u00e7ekle\u015ftirilen sohbet ve tan\u0131\u015fma bulu\u015fmalar\u0131yla sona erdi.<br \/>\n<div id='gallery-1' class='gallery galleryid-726 gallery-columns-4 gallery-size-colormag-featured-image'><figure class='gallery-item'>\n\t\t\t<div class='gallery-icon landscape'>\n\t\t\t\t<a href='https:\/\/erkder.org\/?attachment_id=736'><img width=\"800\" height=\"445\" src=\"https:\/\/erkder.org\/wp-content\/uploads\/2026\/04\/20260301_202054-800x445.jpg\" class=\"attachment-colormag-featured-image size-colormag-featured-image\" alt=\"\" loading=\"lazy\" \/><\/a>\n\t\t\t<\/div><\/figure><figure class='gallery-item'>\n\t\t\t<div class='gallery-icon landscape'>\n\t\t\t\t<a href='https:\/\/erkder.org\/?attachment_id=739'><img width=\"800\" height=\"445\" src=\"https:\/\/erkder.org\/wp-content\/uploads\/2026\/04\/IMG-20260301-WA0006-800x445.jpg\" class=\"attachment-colormag-featured-image size-colormag-featured-image\" alt=\"\" loading=\"lazy\" \/><\/a>\n\t\t\t<\/div><\/figure><figure class='gallery-item'>\n\t\t\t<div class='gallery-icon landscape'>\n\t\t\t\t<a href='https:\/\/erkder.org\/?attachment_id=738'><img width=\"800\" height=\"445\" src=\"https:\/\/erkder.org\/wp-content\/uploads\/2026\/04\/IMG-20260301-WA0002-800x445.jpg\" class=\"attachment-colormag-featured-image size-colormag-featured-image\" alt=\"\" loading=\"lazy\" \/><\/a>\n\t\t\t<\/div><\/figure><figure class='gallery-item'>\n\t\t\t<div class='gallery-icon landscape'>\n\t\t\t\t<a href='https:\/\/erkder.org\/?attachment_id=737'><img width=\"800\" height=\"445\" src=\"https:\/\/erkder.org\/wp-content\/uploads\/2026\/04\/IMG-20260301-WA0001-800x445.jpg\" class=\"attachment-colormag-featured-image size-colormag-featured-image\" alt=\"\" loading=\"lazy\" \/><\/a>\n\t\t\t<\/div><\/figure><figure class='gallery-item'>\n\t\t\t<div class='gallery-icon landscape'>\n\t\t\t\t<a href='https:\/\/erkder.org\/?attachment_id=735'><img width=\"800\" height=\"445\" src=\"https:\/\/erkder.org\/wp-content\/uploads\/2026\/04\/20260301_193209-800x445.jpg\" class=\"attachment-colormag-featured-image size-colormag-featured-image\" alt=\"\" loading=\"lazy\" \/><\/a>\n\t\t\t<\/div><\/figure><figure class='gallery-item'>\n\t\t\t<div class='gallery-icon landscape'>\n\t\t\t\t<a href='https:\/\/erkder.org\/?attachment_id=734'><img width=\"800\" height=\"445\" src=\"https:\/\/erkder.org\/wp-content\/uploads\/2026\/04\/20260301_193012-800x445.jpg\" class=\"attachment-colormag-featured-image size-colormag-featured-image\" alt=\"\" loading=\"lazy\" \/><\/a>\n\t\t\t<\/div><\/figure><figure class='gallery-item'>\n\t\t\t<div class='gallery-icon landscape'>\n\t\t\t\t<a href='https:\/\/erkder.org\/?attachment_id=730'><img width=\"800\" height=\"445\" src=\"https:\/\/erkder.org\/wp-content\/uploads\/2026\/04\/20260301_190029-800x445.jpg\" class=\"attachment-colormag-featured-image size-colormag-featured-image\" alt=\"\" loading=\"lazy\" \/><\/a>\n\t\t\t<\/div><\/figure><figure class='gallery-item'>\n\t\t\t<div class='gallery-icon landscape'>\n\t\t\t\t<a href='https:\/\/erkder.org\/?attachment_id=731'><img width=\"800\" height=\"445\" src=\"https:\/\/erkder.org\/wp-content\/uploads\/2026\/04\/20260301_190038-800x445.jpg\" class=\"attachment-colormag-featured-image size-colormag-featured-image\" alt=\"\" loading=\"lazy\" \/><\/a>\n\t\t\t<\/div><\/figure><figure class='gallery-item'>\n\t\t\t<div class='gallery-icon landscape'>\n\t\t\t\t<a href='https:\/\/erkder.org\/?attachment_id=732'><img width=\"800\" height=\"445\" src=\"https:\/\/erkder.org\/wp-content\/uploads\/2026\/04\/20260301_190155-800x445.jpg\" class=\"attachment-colormag-featured-image size-colormag-featured-image\" alt=\"\" loading=\"lazy\" \/><\/a>\n\t\t\t<\/div><\/figure><figure class='gallery-item'>\n\t\t\t<div class='gallery-icon landscape'>\n\t\t\t\t<a href='https:\/\/erkder.org\/?attachment_id=733'><img width=\"800\" height=\"445\" src=\"https:\/\/erkder.org\/wp-content\/uploads\/2026\/04\/20260301_192926-800x445.jpg\" class=\"attachment-colormag-featured-image size-colormag-featured-image\" alt=\"\" loading=\"lazy\" \/><\/a>\n\t\t\t<\/div><\/figure>\n\t\t<\/div>\n<\/p>\n","protected":false},"excerpt":{"rendered":"<p>Erdemli K\u00fclt\u00fcr D\u00fc\u015f\u00fcnce ve Geli\u015fim Derne\u011fi (ERKDER) olarak, geleneksel \u00f6\u011frenci bulu\u015fmalar\u0131ndan bir yenisini Ramazan ay\u0131 vesilesiyle d\u00fczenlenen iftar program\u0131nda ger\u00e7ekle\u015ftirdik.<\/p>\n","protected":false},"author":1,"featured_media":0,"parent":0,"menu_order":0,"comment_status":"closed","ping_status":"closed","template":"","meta":[],"_links":{"self":[{"href":"https:\/\/erkder.org\/index.php?rest_route=\/wp\/v2\/pages\/726"}],"collection":[{"href":"https:\/\/erkder.org\/index.php?rest_route=\/wp\/v2\/pages"}],"about":[{"href":"https:\/\/erkder.org\/index.php?rest_route=\/wp\/v2\/types\/page"}],"author":[{"embeddable":true,"href":"https:\/\/erkder.org\/index.php?rest_route=\/wp\/v2\/users\/1"}],"replies":[{"embeddable":true,"href":"https:\/\/erkder.org\/index.php?rest_route=%2Fwp%2Fv2%2Fcomments&post=726"}],"version-history":[{"count":4,"href":"https:\/\/erkder.org\/index.php?rest_route=\/wp\/v2\/pages\/726\/revisions"}],"predecessor-version":[{"id":742,"href":"https:\/\/erkder.org\/index.php?rest_route=\/wp\/v2\/pages\/726\/revisions\/742"}],"wp:attachment":[{"href":"https:\/\/erkder.org\/index.php?rest_route=%2Fwp%2Fv2%2Fmedia&parent=726"}],"curies":[{"name":"wp","href":"https:\/\/api.w.org\/{rel}","templated":true}]}}