{"id":57,"date":"2021-12-14T05:30:28","date_gmt":"2021-12-14T05:30:28","guid":{"rendered":"http:\/\/erkder.org\/?page_id=57"},"modified":"2021-12-16T18:44:31","modified_gmt":"2021-12-16T18:44:31","slug":"baskanimiz","status":"publish","type":"page","link":"https:\/\/erkder.org\/?page_id=57","title":{"rendered":"Ba\u015fkan"},"content":{"rendered":"<p><div id='gallery-1' class='gallery galleryid-57 gallery-columns-1 gallery-size-large'><figure class='gallery-item'>\n\t\t\t<div class='gallery-icon landscape'>\n\t\t\t\t<a href='https:\/\/erkder.org\/wp-content\/uploads\/2021\/12\/Ali-tuzel.jpg'><img width=\"448\" height=\"447\" src=\"https:\/\/erkder.org\/wp-content\/uploads\/2021\/12\/Ali-tuzel.jpg\" class=\"attachment-large size-large\" alt=\"\" loading=\"lazy\" srcset=\"https:\/\/erkder.org\/wp-content\/uploads\/2021\/12\/Ali-tuzel.jpg 448w, https:\/\/erkder.org\/wp-content\/uploads\/2021\/12\/Ali-tuzel-300x300.jpg 300w, https:\/\/erkder.org\/wp-content\/uploads\/2021\/12\/Ali-tuzel-150x150.jpg 150w\" sizes=\"(max-width: 448px) 100vw, 448px\" \/><\/a>\n\t\t\t<\/div><\/figure>\n\t\t<\/div>\n<br \/>\n1974 Mersin\/Erdemli\u2019de do\u011fdu. \u0130lkokulu Erdemlide H\u00fcrriyet \u0130lkokulunda bitirdi. Orta \u00f6\u011frenimini Erdemli \u0130mam Hatip Lisesinde tamamlad\u0131. \u00dcniversite ama\u00e7l\u0131 1993 y\u0131l\u0131nda \u0130stanbul\u2019a gelen Ali T\u00fczel, kapal\u0131 \u00e7ar\u015f\u0131da kuyumculuk i\u015fleri ile ticaret hayat\u0131na at\u0131ld\u0131. Beyaz e\u015fya bayili\u011fi de yapan Ali T\u00fczel \u015fu s\u0131ralar in\u015faat m\u00fcteahhitli\u011fi yapmaktad\u0131r. Ali T\u00fczel evli ve 3 \u00e7ocuk babas\u0131d\u0131r. <\/p>\n","protected":false},"excerpt":{"rendered":"<p>1974 Mersin\/Erdemli\u2019de do\u011fdu. \u0130lkokulu Erdemlide H\u00fcrriyet \u0130lkokulunda bitirdi. Orta \u00f6\u011frenimini Erdemli \u0130mam Hatip Lisesinde tamamlad\u0131. \u00dcniversite ama\u00e7l\u0131 1993 y\u0131l\u0131nda \u0130stanbul\u2019a<\/p>\n","protected":false},"author":1,"featured_media":0,"parent":0,"menu_order":0,"comment_status":"closed","ping_status":"closed","template":"","meta":[],"_links":{"self":[{"href":"https:\/\/erkder.org\/index.php?rest_route=\/wp\/v2\/pages\/57"}],"collection":[{"href":"https:\/\/erkder.org\/index.php?rest_route=\/wp\/v2\/pages"}],"about":[{"href":"https:\/\/erkder.org\/index.php?rest_route=\/wp\/v2\/types\/page"}],"author":[{"embeddable":true,"href":"https:\/\/erkder.org\/index.php?rest_route=\/wp\/v2\/users\/1"}],"replies":[{"embeddable":true,"href":"https:\/\/erkder.org\/index.php?rest_route=%2Fwp%2Fv2%2Fcomments&post=57"}],"version-history":[{"count":4,"href":"https:\/\/erkder.org\/index.php?rest_route=\/wp\/v2\/pages\/57\/revisions"}],"predecessor-version":[{"id":518,"href":"https:\/\/erkder.org\/index.php?rest_route=\/wp\/v2\/pages\/57\/revisions\/518"}],"wp:attachment":[{"href":"https:\/\/erkder.org\/index.php?rest_route=%2Fwp%2Fv2%2Fmedia&parent=57"}],"curies":[{"name":"wp","href":"https:\/\/api.w.org\/{rel}","templated":true}]}}