{"id":521,"date":"2021-12-16T19:21:07","date_gmt":"2021-12-16T19:21:07","guid":{"rendered":"http:\/\/erkder.org\/?page_id=521"},"modified":"2021-12-16T19:21:07","modified_gmt":"2021-12-16T19:21:07","slug":"istanbulda-mersinliler-bulusmasi","status":"publish","type":"page","link":"https:\/\/erkder.org\/?page_id=521","title":{"rendered":"\u0130stanbulda Mersinliler Bulu\u015fmas\u0131"},"content":{"rendered":"<p>M\u0130YSAD-ERKDER Ortakla\u015fa \u0130stanbul&#8217;da Mersinliler Bulu\u015fmas\u0131n\u0131 ger\u00e7ekle\u015ftirdik.<br \/>\n<div id='gallery-1' class='gallery galleryid-521 gallery-columns-4 gallery-size-colormag-featured-image'><figure class='gallery-item'>\n\t\t\t<div class='gallery-icon landscape'>\n\t\t\t\t<a href='https:\/\/erkder.org\/wp-content\/uploads\/2021\/12\/20190612_141950-scaled.jpg'><img width=\"800\" height=\"445\" src=\"https:\/\/erkder.org\/wp-content\/uploads\/2021\/12\/20190612_141950-800x445.jpg\" class=\"attachment-colormag-featured-image size-colormag-featured-image\" alt=\"\" loading=\"lazy\" \/><\/a>\n\t\t\t<\/div><\/figure><figure class='gallery-item'>\n\t\t\t<div class='gallery-icon landscape'>\n\t\t\t\t<a href='https:\/\/erkder.org\/wp-content\/uploads\/2021\/12\/IMG-20190527-WA0019.jpg'><img width=\"800\" height=\"445\" src=\"https:\/\/erkder.org\/wp-content\/uploads\/2021\/12\/IMG-20190527-WA0019-800x445.jpg\" class=\"attachment-colormag-featured-image size-colormag-featured-image\" alt=\"\" loading=\"lazy\" \/><\/a>\n\t\t\t<\/div><\/figure><figure class='gallery-item'>\n\t\t\t<div class='gallery-icon landscape'>\n\t\t\t\t<a href='https:\/\/erkder.org\/wp-content\/uploads\/2021\/12\/IMG-20190527-WA0026.jpg'><img width=\"800\" height=\"445\" src=\"https:\/\/erkder.org\/wp-content\/uploads\/2021\/12\/IMG-20190527-WA0026-800x445.jpg\" class=\"attachment-colormag-featured-image size-colormag-featured-image\" alt=\"\" loading=\"lazy\" \/><\/a>\n\t\t\t<\/div><\/figure><figure class='gallery-item'>\n\t\t\t<div class='gallery-icon landscape'>\n\t\t\t\t<a href='https:\/\/erkder.org\/wp-content\/uploads\/2021\/12\/IMG-20190613-WA0001.jpg'><img width=\"800\" height=\"445\" src=\"https:\/\/erkder.org\/wp-content\/uploads\/2021\/12\/IMG-20190613-WA0001-800x445.jpg\" class=\"attachment-colormag-featured-image size-colormag-featured-image\" alt=\"\" loading=\"lazy\" \/><\/a>\n\t\t\t<\/div><\/figure><figure class='gallery-item'>\n\t\t\t<div class='gallery-icon landscape'>\n\t\t\t\t<a href='https:\/\/erkder.org\/wp-content\/uploads\/2021\/12\/IMG-20190613-WA0007.jpg'><img width=\"800\" height=\"445\" src=\"https:\/\/erkder.org\/wp-content\/uploads\/2021\/12\/IMG-20190613-WA0007-800x445.jpg\" class=\"attachment-colormag-featured-image size-colormag-featured-image\" alt=\"\" loading=\"lazy\" \/><\/a>\n\t\t\t<\/div><\/figure><figure class='gallery-item'>\n\t\t\t<div class='gallery-icon landscape'>\n\t\t\t\t<a href='https:\/\/erkder.org\/wp-content\/uploads\/2021\/12\/IMG-20190613-WA0012.jpg'><img width=\"800\" height=\"445\" src=\"https:\/\/erkder.org\/wp-content\/uploads\/2021\/12\/IMG-20190613-WA0012-800x445.jpg\" class=\"attachment-colormag-featured-image size-colormag-featured-image\" alt=\"\" loading=\"lazy\" \/><\/a>\n\t\t\t<\/div><\/figure><figure class='gallery-item'>\n\t\t\t<div class='gallery-icon landscape'>\n\t\t\t\t<a href='https:\/\/erkder.org\/wp-content\/uploads\/2021\/12\/IMG-20190618-WA0015.jpg'><img width=\"800\" height=\"445\" src=\"https:\/\/erkder.org\/wp-content\/uploads\/2021\/12\/IMG-20190618-WA0015-800x445.jpg\" class=\"attachment-colormag-featured-image size-colormag-featured-image\" alt=\"\" loading=\"lazy\" \/><\/a>\n\t\t\t<\/div><\/figure><figure class='gallery-item'>\n\t\t\t<div class='gallery-icon landscape'>\n\t\t\t\t<a href='https:\/\/erkder.org\/wp-content\/uploads\/2021\/12\/IMG-20190618-WA0019.jpg'><img width=\"800\" height=\"445\" src=\"https:\/\/erkder.org\/wp-content\/uploads\/2021\/12\/IMG-20190618-WA0019-800x445.jpg\" class=\"attachment-colormag-featured-image size-colormag-featured-image\" alt=\"\" loading=\"lazy\" \/><\/a>\n\t\t\t<\/div><\/figure><figure class='gallery-item'>\n\t\t\t<div class='gallery-icon landscape'>\n\t\t\t\t<a href='https:\/\/erkder.org\/wp-content\/uploads\/2021\/12\/IMG-20190618-WA0022.jpg'><img width=\"800\" height=\"445\" src=\"https:\/\/erkder.org\/wp-content\/uploads\/2021\/12\/IMG-20190618-WA0022-800x445.jpg\" class=\"attachment-colormag-featured-image size-colormag-featured-image\" alt=\"\" loading=\"lazy\" \/><\/a>\n\t\t\t<\/div><\/figure><figure class='gallery-item'>\n\t\t\t<div class='gallery-icon landscape'>\n\t\t\t\t<a href='https:\/\/erkder.org\/wp-content\/uploads\/2021\/12\/IMG-20190619-WA0009.jpg'><img width=\"800\" height=\"445\" src=\"https:\/\/erkder.org\/wp-content\/uploads\/2021\/12\/IMG-20190619-WA0009-800x445.jpg\" class=\"attachment-colormag-featured-image size-colormag-featured-image\" alt=\"\" loading=\"lazy\" \/><\/a>\n\t\t\t<\/div><\/figure>\n\t\t<\/div>\n<\/p>\n","protected":false},"excerpt":{"rendered":"<p>M\u0130YSAD-ERKDER Ortakla\u015fa \u0130stanbul&#8217;da Mersinliler Bulu\u015fmas\u0131n\u0131 ger\u00e7ekle\u015ftirdik.<\/p>\n","protected":false},"author":1,"featured_media":0,"parent":0,"menu_order":0,"comment_status":"closed","ping_status":"closed","template":"","meta":[],"_links":{"self":[{"href":"https:\/\/erkder.org\/index.php?rest_route=\/wp\/v2\/pages\/521"}],"collection":[{"href":"https:\/\/erkder.org\/index.php?rest_route=\/wp\/v2\/pages"}],"about":[{"href":"https:\/\/erkder.org\/index.php?rest_route=\/wp\/v2\/types\/page"}],"author":[{"embeddable":true,"href":"https:\/\/erkder.org\/index.php?rest_route=\/wp\/v2\/users\/1"}],"replies":[{"embeddable":true,"href":"https:\/\/erkder.org\/index.php?rest_route=%2Fwp%2Fv2%2Fcomments&post=521"}],"version-history":[{"count":1,"href":"https:\/\/erkder.org\/index.php?rest_route=\/wp\/v2\/pages\/521\/revisions"}],"predecessor-version":[{"id":536,"href":"https:\/\/erkder.org\/index.php?rest_route=\/wp\/v2\/pages\/521\/revisions\/536"}],"wp:attachment":[{"href":"https:\/\/erkder.org\/index.php?rest_route=%2Fwp%2Fv2%2Fmedia&parent=521"}],"curies":[{"name":"wp","href":"https:\/\/api.w.org\/{rel}","templated":true}]}}