{"id":184,"date":"2021-12-14T16:51:09","date_gmt":"2021-12-14T16:51:09","guid":{"rendered":"http:\/\/erkder.org\/?page_id=184"},"modified":"2021-12-14T16:59:27","modified_gmt":"2021-12-14T16:59:27","slug":"yoresel-inanislarimiz","status":"publish","type":"page","link":"https:\/\/erkder.org\/?page_id=184","title":{"rendered":"Y\u00f6resel \u0130nan\u0131\u015flar\u0131m\u0131z"},"content":{"rendered":"<p>Y\u00d6R\u00dcK \u0130NANI\u015eLARI<br \/>\nY\u00f6r\u00fck inan\u0131\u015flar\u0131 Y\u00f6r\u00fc\u011f\u00fcn ya\u015fam tarz\u0131ndan \u00e7\u0131kt\u0131\u011f\u0131 i\u00e7in genellikle hayvanlarla ve do\u011fa ile ilgili bir karakter g\u00f6sterir.<br \/>\nAva giden ki\u015fiye \u201cNereye gidiyorsun?\u201d diye sorulmaz. Soruldu\u011fu takdirde ki\u015fi avlanamaz.<br \/>\nBir avc\u0131 kendi av\u0131 d\u0131\u015f\u0131nda ba\u015fkas\u0131n\u0131n av\u0131n\u0131 ta\u015f\u0131maz.<br \/>\nAv k\u00f6pe\u011fi s\u0131rt\u00fcst\u00fc yatarak debelenirse o g\u00fcn av\u0131n bereketli ge\u00e7ece\u011fine inan\u0131l\u0131r.<br \/>\nUzun s\u00fcre avlanamayan avc\u0131 t\u00fcfe\u011fini yere koyar, \u00fc\u00e7 defa t\u00fcfe\u011fin \u00fcst\u00fcnden atlar veya t\u00fcfe\u011fin \u00fczerinden et ge\u00e7irirse \u015fans\u0131n\u0131n d\u00f6nece\u011fine inan\u0131r.<br \/>\nAva giden ki\u015finin \u00f6n\u00fcnden kedi ge\u00e7mesi u\u011fursuzluk olarak kabul edilir ve b\u00f6yle bir durumda avc\u0131 geri d\u00f6ner, ava \u00e7\u0131kmaz.<br \/>\nBayku\u015f sesi \u00f6l\u00fcm habercisi olarak kabul edilir ve \u00e7evreden bir ki\u015finin \u00f6lece\u011fine yorulur. Buna engel olmak i\u00e7in ta\u015fa at\u0131larak uzakla\u015ft\u0131r\u0131lmaya \u00e7al\u0131\u015f\u0131l\u0131r.<br \/>\nBayku\u015f \u00f6tmesi bazen hasta hayvan\u0131n iyile\u015fece\u011fine de yorumlan\u0131r.<br \/>\nTilki g\u00f6r\u00fclmesi i\u015flerin yolunda gidece\u011fine yorumlan\u0131r.<br \/>\nY\u0131lan g\u00f6r\u00fclmesi o y\u0131l i\u015flerin yolunda gidece\u011fine yorumlan\u0131r.<br \/>\nKaplumba\u011fa g\u00f6r\u00fcld\u00fc\u011f\u00fcnde \u201cBenim ad\u0131m Fatma, bana si\u011fil atma\u201d denir.<br \/>\nKaplumba\u011fa g\u00f6r\u00fclmesi hayra alamet say\u0131l\u0131r.<br \/>\nTav\u015fan g\u00f6r\u00fclmesi u\u011fursuzluk alametidir.<br \/>\nK\u00f6pek ulumas\u0131 y\u00f6rede bir \u00f6l\u00fcm olaca\u011f\u0131na yorumlan\u0131r.<br \/>\nTavu\u011fun folluk yumurtas\u0131 ba\u015fkas\u0131na verilmez, verilirse evin bereketinin gidece\u011fine inan\u0131l\u0131r.<br \/>\nBahar ay\u0131nda leylek ge\u00e7mesi o y\u0131l i\u015flerin yolunda ge\u00e7ece\u011fine i\u015faret olarak kabul edilir.<br \/>\nKar\u0131ncan\u0131n yuvas\u0131ndan \u00e7\u0131kard\u0131\u011f\u0131 topra\u011f\u0131 g\u00fcn\u00fcye y\u0131\u011fmas\u0131 o y\u0131l havan\u0131n iyi olaca\u011f\u0131na, do\u011fu y\u00f6n\u00fcne y\u0131\u011farsa o y\u0131l havan\u0131n k\u00f6t\u00fc ge\u00e7ece\u011fine yorumlan\u0131r.<br \/>\nHayvanlar\u0131n ola\u011fan\u00fcst\u00fc bir \u015fekilde i\u015ftahla otlamalar\u0131 durumunda o y\u0131l havan\u0131n \u00e7ok sert ge\u00e7ece\u011fine yorumlan\u0131r.<br \/>\nSal\u0131 ve Cuma g\u00fcn\u00fc g\u00f6\u00e7e ba\u015flanmaz.<br \/>\nSal\u0131 ve Cuma g\u00fcnleri d\u0131\u015far\u0131ya so\u011fan verilmez, aksi takdirde mal\u0131na, can\u0131na zarar gelir.<br \/>\nHayvanlara nazar de\u011fmesin diye hayvana \u00e7\u0131tl\u0131k a\u011fac\u0131n\u0131n dal\u0131 veya boncuk tak\u0131l\u0131r. Tak\u0131lmasa hayvanlara y\u0131lan\u0131n sokaca\u011f\u0131na inan\u0131l\u0131r.<br \/>\nDam\u0131zl\u0131k verilirken \u00fczerine bozuk para, tuz, biraz da \u00e7\u00f6rek otu konulur. Konulmazsa hayvanlar\u0131 canavar kapar.<br \/>\nSal\u0131 g\u00fcn\u00fc dam\u0131zl\u0131k al\u0131nmaz. Dam\u0131zl\u0131k Cuma veya Pazar g\u00fcn\u00fc al\u0131nmal\u0131d\u0131r.<br \/>\nDevenin t\u00fcy\u00fc hamayl\u0131d\u0131r, \u015feytan gelmez.<br \/>\nDevenin can\u0131 burnundad\u0131r. Canavar deveye burnundan sald\u0131r\u0131r.<br \/>\nKe\u00e7i a\u011fac\u0131n p\u00fcr\u00fcne fazla sald\u0131r\u0131r, kuyru\u011funu sallay\u0131p h\u0131zl\u0131 h\u0131zl\u0131 yerse yak\u0131nda hava bozaca\u011f\u0131na inan\u0131l\u0131r.<br \/>\nKe\u00e7i ta\u015f\u0131n ba\u015f\u0131na oturup gevi\u015f getirirse havan\u0131n iyi gidece\u011fine inan\u0131l\u0131r.<br \/>\n\u00c7oban\u0131n g\u00f6nl\u00fc olursa ke\u00e7eden s\u00fct\u00fc \u00e7\u0131kar\u0131r.<br \/>\n\u00c7oban\u0131n g\u00f6nl\u00fc olursa tekeden telemeyi \u00e7alar.<\/p>\n","protected":false},"excerpt":{"rendered":"<p>Y\u00d6R\u00dcK \u0130NANI\u015eLARI Y\u00f6r\u00fck inan\u0131\u015flar\u0131 Y\u00f6r\u00fc\u011f\u00fcn ya\u015fam tarz\u0131ndan \u00e7\u0131kt\u0131\u011f\u0131 i\u00e7in genellikle hayvanlarla ve do\u011fa ile ilgili bir karakter g\u00f6sterir. Ava giden<\/p>\n","protected":false},"author":1,"featured_media":0,"parent":0,"menu_order":0,"comment_status":"closed","ping_status":"closed","template":"","meta":[],"_links":{"self":[{"href":"https:\/\/erkder.org\/index.php?rest_route=\/wp\/v2\/pages\/184"}],"collection":[{"href":"https:\/\/erkder.org\/index.php?rest_route=\/wp\/v2\/pages"}],"about":[{"href":"https:\/\/erkder.org\/index.php?rest_route=\/wp\/v2\/types\/page"}],"author":[{"embeddable":true,"href":"https:\/\/erkder.org\/index.php?rest_route=\/wp\/v2\/users\/1"}],"replies":[{"embeddable":true,"href":"https:\/\/erkder.org\/index.php?rest_route=%2Fwp%2Fv2%2Fcomments&post=184"}],"version-history":[{"count":2,"href":"https:\/\/erkder.org\/index.php?rest_route=\/wp\/v2\/pages\/184\/revisions"}],"predecessor-version":[{"id":197,"href":"https:\/\/erkder.org\/index.php?rest_route=\/wp\/v2\/pages\/184\/revisions\/197"}],"wp:attachment":[{"href":"https:\/\/erkder.org\/index.php?rest_route=%2Fwp%2Fv2%2Fmedia&parent=184"}],"curies":[{"name":"wp","href":"https:\/\/api.w.org\/{rel}","templated":true}]}}