{"id":158,"date":"2021-12-14T15:36:02","date_gmt":"2021-12-14T15:36:02","guid":{"rendered":"http:\/\/erkder.org\/?page_id=158"},"modified":"2021-12-16T16:12:20","modified_gmt":"2021-12-16T16:12:20","slug":"erdemlili-ogrencilerimizle-istanbulu-gezdik","status":"publish","type":"page","link":"https:\/\/erkder.org\/?page_id=158","title":{"rendered":"Erdemlili \u00d6\u011frencilerimizle \u0130stanbul&#8217;u Gezdik"},"content":{"rendered":"<p>Erdemlili \u00d6\u011frencilerimiz \u0130le \u0130stanbul\u2019u gezdik&#8230;<br \/>\nK\u0131sa ad\u0131 ERKDER olan Erdemli K\u00fclt\u00fcr D\u00fc\u015f\u00fcnce ve Geli\u015fim Derne\u011fi yapt\u0131\u011f\u0131 faaliyetlere bir yenisini ekleyerek, \u0130stanbul\u2019da farkl\u0131 \u00fcniversite ve farkl\u0131 b\u00f6l\u00fcmlerde e\u011fitim g\u00f6ren \u00fcniversite \u00f6\u011frencileri ile \u0130stanbul\u2019un tarihi ve k\u00fclt\u00fcrel de\u011ferlerinde birka\u00e7\u0131n\u0131 gezerek, \u00f6\u011frencilerin memleket s\u0131cakl\u0131\u011f\u0131nda&nbsp; g\u00fczel bir g\u00fcn ge\u00e7irmelerini sa\u011flad\u0131lar. Panaroma 1453 Tarih m\u00fczesi, Yerebatan Sarn\u0131c\u0131 ve Miniat\u00fcrk\u2019\u00fcn gezilmesi sonras\u0131nda Miniat\u00fcrk\u2019de yenilen \u00f6\u011flen yeme\u011fi ile gezi son buldu. Gezi de, \u00f6\u011frencilere k\u0131sa bir konu\u015fma yapan ERKDER Ba\u015fkan\u0131 D.Ali T\u00fczel, \u00f6\u011frencilere \u00f6\u011frencilik d\u00f6nemlerinin k\u0131ymetini bilmeleri gerekti\u011fini hat\u0131rlatarak, ERKDER olarak hemen her f\u0131rsatta \u00f6\u011frencilere sahip \u00e7\u0131k\u0131laca\u011f\u0131n\u0131 ve destek olunaca\u011f\u0131n\u0131 s\u00f6yleyerek, \u00f6\u011frencilerin dernek ile ba\u011flar\u0131n\u0131 koparmamalar\u0131n\u0131 ve irtibat halinde olmalar\u0131n\u0131 s\u00f6yledi.  Samimi ve e\u011flenceli bir ortamda ger\u00e7ekle\u015fen gezi pro\u011fram\u0131na,&nbsp; 45 ki\u015filik \u00f6\u011frenci grubu ile ERKDER Y\u00f6neticileri ve kurucu \u00fcyeleri de kat\u0131ld\u0131. &nbsp;Geziye kat\u0131lan \u00f6\u011frenciler memnuniyetlerini ifade ederken, &nbsp;ERKDER y\u00f6neticilerine de te\u015fekk\u00fcr ettiler.<br \/>\n<div id='gallery-1' class='gallery galleryid-158 gallery-columns-3 gallery-size-colormag-featured-image'><figure class='gallery-item'>\n\t\t\t<div class='gallery-icon landscape'>\n\t\t\t\t<a href='https:\/\/erkder.org\/wp-content\/uploads\/2021\/12\/1.jpg'><img width=\"720\" height=\"445\" src=\"https:\/\/erkder.org\/wp-content\/uploads\/2021\/12\/1-720x445.jpg\" class=\"attachment-colormag-featured-image size-colormag-featured-image\" alt=\"\" loading=\"lazy\" \/><\/a>\n\t\t\t<\/div><\/figure><figure class='gallery-item'>\n\t\t\t<div class='gallery-icon landscape'>\n\t\t\t\t<a href='https:\/\/erkder.org\/wp-content\/uploads\/2021\/12\/2.jpg'><img width=\"720\" height=\"445\" src=\"https:\/\/erkder.org\/wp-content\/uploads\/2021\/12\/2-720x445.jpg\" class=\"attachment-colormag-featured-image size-colormag-featured-image\" alt=\"\" loading=\"lazy\" \/><\/a>\n\t\t\t<\/div><\/figure><figure class='gallery-item'>\n\t\t\t<div class='gallery-icon landscape'>\n\t\t\t\t<a href='https:\/\/erkder.org\/wp-content\/uploads\/2021\/12\/3.jpg'><img width=\"720\" height=\"445\" src=\"https:\/\/erkder.org\/wp-content\/uploads\/2021\/12\/3-720x445.jpg\" class=\"attachment-colormag-featured-image size-colormag-featured-image\" alt=\"\" loading=\"lazy\" \/><\/a>\n\t\t\t<\/div><\/figure><figure class='gallery-item'>\n\t\t\t<div class='gallery-icon landscape'>\n\t\t\t\t<a href='https:\/\/erkder.org\/wp-content\/uploads\/2021\/12\/5.jpg'><img width=\"720\" height=\"445\" src=\"https:\/\/erkder.org\/wp-content\/uploads\/2021\/12\/5-720x445.jpg\" class=\"attachment-colormag-featured-image size-colormag-featured-image\" alt=\"\" loading=\"lazy\" \/><\/a>\n\t\t\t<\/div><\/figure><figure class='gallery-item'>\n\t\t\t<div class='gallery-icon landscape'>\n\t\t\t\t<a href='https:\/\/erkder.org\/wp-content\/uploads\/2021\/12\/6.jpg'><img width=\"720\" height=\"445\" src=\"https:\/\/erkder.org\/wp-content\/uploads\/2021\/12\/6-720x445.jpg\" class=\"attachment-colormag-featured-image size-colormag-featured-image\" alt=\"\" loading=\"lazy\" \/><\/a>\n\t\t\t<\/div><\/figure><figure class='gallery-item'>\n\t\t\t<div class='gallery-icon landscape'>\n\t\t\t\t<a href='https:\/\/erkder.org\/wp-content\/uploads\/2021\/12\/8.jpg'><img width=\"720\" height=\"445\" src=\"https:\/\/erkder.org\/wp-content\/uploads\/2021\/12\/8-720x445.jpg\" class=\"attachment-colormag-featured-image size-colormag-featured-image\" alt=\"\" loading=\"lazy\" \/><\/a>\n\t\t\t<\/div><\/figure><figure class='gallery-item'>\n\t\t\t<div class='gallery-icon landscape'>\n\t\t\t\t<a href='https:\/\/erkder.org\/wp-content\/uploads\/2021\/12\/10.jpg'><img width=\"720\" height=\"445\" src=\"https:\/\/erkder.org\/wp-content\/uploads\/2021\/12\/10-720x445.jpg\" class=\"attachment-colormag-featured-image size-colormag-featured-image\" alt=\"\" loading=\"lazy\" \/><\/a>\n\t\t\t<\/div><\/figure><figure class='gallery-item'>\n\t\t\t<div class='gallery-icon landscape'>\n\t\t\t\t<a href='https:\/\/erkder.org\/wp-content\/uploads\/2021\/12\/12.jpg'><img width=\"720\" height=\"445\" src=\"https:\/\/erkder.org\/wp-content\/uploads\/2021\/12\/12-720x445.jpg\" class=\"attachment-colormag-featured-image size-colormag-featured-image\" alt=\"\" loading=\"lazy\" \/><\/a>\n\t\t\t<\/div><\/figure><figure class='gallery-item'>\n\t\t\t<div class='gallery-icon landscape'>\n\t\t\t\t<a href='https:\/\/erkder.org\/wp-content\/uploads\/2021\/12\/13.jpg'><img width=\"720\" height=\"445\" src=\"https:\/\/erkder.org\/wp-content\/uploads\/2021\/12\/13-720x445.jpg\" class=\"attachment-colormag-featured-image size-colormag-featured-image\" alt=\"\" loading=\"lazy\" \/><\/a>\n\t\t\t<\/div><\/figure><figure class='gallery-item'>\n\t\t\t<div class='gallery-icon landscape'>\n\t\t\t\t<a href='https:\/\/erkder.org\/wp-content\/uploads\/2021\/12\/14.jpg'><img width=\"720\" height=\"445\" src=\"https:\/\/erkder.org\/wp-content\/uploads\/2021\/12\/14-720x445.jpg\" class=\"attachment-colormag-featured-image size-colormag-featured-image\" alt=\"\" loading=\"lazy\" \/><\/a>\n\t\t\t<\/div><\/figure><figure class='gallery-item'>\n\t\t\t<div class='gallery-icon landscape'>\n\t\t\t\t<a href='https:\/\/erkder.org\/wp-content\/uploads\/2021\/12\/15.jpg'><img width=\"720\" height=\"445\" src=\"https:\/\/erkder.org\/wp-content\/uploads\/2021\/12\/15-720x445.jpg\" class=\"attachment-colormag-featured-image size-colormag-featured-image\" alt=\"\" loading=\"lazy\" \/><\/a>\n\t\t\t<\/div><\/figure><figure class='gallery-item'>\n\t\t\t<div class='gallery-icon landscape'>\n\t\t\t\t<a href='https:\/\/erkder.org\/wp-content\/uploads\/2021\/12\/17-1.jpg'><img width=\"720\" height=\"445\" src=\"https:\/\/erkder.org\/wp-content\/uploads\/2021\/12\/17-1-720x445.jpg\" class=\"attachment-colormag-featured-image size-colormag-featured-image\" alt=\"\" loading=\"lazy\" \/><\/a>\n\t\t\t<\/div><\/figure><figure class='gallery-item'>\n\t\t\t<div class='gallery-icon landscape'>\n\t\t\t\t<a href='https:\/\/erkder.org\/wp-content\/uploads\/2021\/12\/KAPAK-2.jpg'><img width=\"800\" height=\"445\" src=\"https:\/\/erkder.org\/wp-content\/uploads\/2021\/12\/KAPAK-2-800x445.jpg\" class=\"attachment-colormag-featured-image size-colormag-featured-image\" alt=\"\" loading=\"lazy\" \/><\/a>\n\t\t\t<\/div><\/figure>\n\t\t<\/div>\n<\/p>\n","protected":false},"excerpt":{"rendered":"<p>Erdemlili \u00d6\u011frencilerimiz \u0130le \u0130stanbul\u2019u gezdik&#8230; K\u0131sa ad\u0131 ERKDER olan Erdemli K\u00fclt\u00fcr D\u00fc\u015f\u00fcnce ve Geli\u015fim Derne\u011fi yapt\u0131\u011f\u0131 faaliyetlere bir yenisini ekleyerek,<\/p>\n","protected":false},"author":1,"featured_media":0,"parent":0,"menu_order":0,"comment_status":"closed","ping_status":"closed","template":"","meta":[],"_links":{"self":[{"href":"https:\/\/erkder.org\/index.php?rest_route=\/wp\/v2\/pages\/158"}],"collection":[{"href":"https:\/\/erkder.org\/index.php?rest_route=\/wp\/v2\/pages"}],"about":[{"href":"https:\/\/erkder.org\/index.php?rest_route=\/wp\/v2\/types\/page"}],"author":[{"embeddable":true,"href":"https:\/\/erkder.org\/index.php?rest_route=\/wp\/v2\/users\/1"}],"replies":[{"embeddable":true,"href":"https:\/\/erkder.org\/index.php?rest_route=%2Fwp%2Fv2%2Fcomments&post=158"}],"version-history":[{"count":3,"href":"https:\/\/erkder.org\/index.php?rest_route=\/wp\/v2\/pages\/158\/revisions"}],"predecessor-version":[{"id":373,"href":"https:\/\/erkder.org\/index.php?rest_route=\/wp\/v2\/pages\/158\/revisions\/373"}],"wp:attachment":[{"href":"https:\/\/erkder.org\/index.php?rest_route=%2Fwp%2Fv2%2Fmedia&parent=158"}],"curies":[{"name":"wp","href":"https:\/\/api.w.org\/{rel}","templated":true}]}}